{"id":7078,"date":"2024-08-21T12:40:21","date_gmt":"2024-08-21T10:40:21","guid":{"rendered":"https:\/\/relaunch.styleinc.eu\/om-os\/"},"modified":"2025-09-26T11:21:07","modified_gmt":"2025-09-26T09:21:07","slug":"om-os","status":"publish","type":"page","link":"https:\/\/styleinc.eu\/da\/om-os\/","title":{"rendered":"Om os"},"content":{"rendered":"<p>[et_pb_section fb_built=&#8221;1&#8243; custom_padding_last_edited=&#8221;on|tablet&#8221; _builder_version=&#8221;4.27.4&#8243; _module_preset=&#8221;default&#8221; custom_margin=&#8221;|30px||30px|false|true&#8221; custom_margin_tablet=&#8221;|15px||15px|false|true&#8221; custom_margin_phone=&#8221;|15px||15px|false|true&#8221; custom_margin_last_edited=&#8221;on|tablet&#8221; custom_padding=&#8221;226px||150px||false|false&#8221; custom_padding_tablet=&#8221;160px||80px||false|false&#8221; custom_padding_phone=&#8221;136px||60px||false|false&#8221; global_colors_info=&#8221;{}&#8221;][et_pb_row use_custom_gutter=&#8221;on&#8221; gutter_width=&#8221;1&#8243; make_equal=&#8221;on&#8221; _builder_version=&#8221;4.27.4&#8243; _module_preset=&#8221;default&#8221; width_tablet=&#8221;86%&#8221; width_phone=&#8221;86%&#8221; width_last_edited=&#8221;on|tablet&#8221; max_width_tablet=&#8221;86%&#8221; max_width_phone=&#8221;86%&#8221; max_width_last_edited=&#8221;on|tablet&#8221; custom_padding=&#8221;0px||0px||true|false&#8221; global_colors_info=&#8221;{}&#8221;][et_pb_column type=&#8221;4_4&#8243; _builder_version=&#8221;4.27.4&#8243; _module_preset=&#8221;default&#8221; custom_css_main_element=&#8221;text-align: center;&#8221; global_colors_info=&#8221;{}&#8221;][et_pb_text admin_label=&#8221;Wir sind Styleinc.&#8221; module_class=&#8221;h1&#8243; _builder_version=&#8221;4.27.4&#8243; _module_preset=&#8221;default&#8221; header_text_align=&#8221;center&#8221; custom_margin=&#8221;||8px||false|false&#8221; custom_margin_tablet=&#8221;||4px||false|false&#8221; custom_margin_phone=&#8221;||4px||false|false&#8221; custom_margin_last_edited=&#8221;on|phone&#8221; animation_style=&#8221;slide&#8221; animation_direction=&#8221;bottom&#8221; animation_intensity_slide=&#8221;5%&#8221; global_colors_info=&#8221;{}&#8221;]<\/p>\n<h1>Vi er Styleinc.<\/h1>\n<p>[\/et_pb_text][et_pb_text admin_label=&#8221;Deine digitale Agentur mit Fokus auf Webdesign&#8230;&#8221; module_class=&#8221;h5&#8243; _builder_version=&#8221;4.27.4&#8243; _module_preset=&#8221;default&#8221; header_2_text_align=&#8221;center&#8221; header_5_text_align=&#8221;center&#8221; max_width=&#8221;1200px&#8221; module_alignment=&#8221;center&#8221; custom_margin=&#8221;||0px||false|false&#8221; custom_margin_tablet=&#8221;||0px||false|false&#8221; custom_margin_phone=&#8221;||0px||false|false&#8221; custom_margin_last_edited=&#8221;on|tablet&#8221; animation_style=&#8221;slide&#8221; animation_direction=&#8221;bottom&#8221; animation_intensity_slide=&#8221;5%&#8221; global_colors_info=&#8221;{}&#8221;]<\/p>\n<h2>Dit digitale bureau med fokus p\u00e5 webdesign, branding, e-handel, automatisering og online markedsf\u00f8ring. I mere end 10 \u00e5r har vi omsat id\u00e9er til brands og bygget l\u00f8sninger, der skaber synlighed \u2013 og salg.<\/h2>\n<p>[\/et_pb_text][\/et_pb_column][\/et_pb_row][et_pb_row custom_padding_last_edited=&#8221;on|tablet&#8221; _builder_version=&#8221;4.27.4&#8243; _module_preset=&#8221;default&#8221; width_tablet=&#8221;86%&#8221; width_phone=&#8221;86%&#8221; width_last_edited=&#8221;on|tablet&#8221; max_width_tablet=&#8221;86%&#8221; max_width_phone=&#8221;86%&#8221; max_width_last_edited=&#8221;on|tablet&#8221; custom_padding=&#8221;102px||0px||false|false&#8221; custom_padding_tablet=&#8221;60px||||false|false&#8221; custom_padding_phone=&#8221;40px||||false|false&#8221; global_colors_info=&#8221;{}&#8221;][et_pb_column type=&#8221;4_4&#8243; _builder_version=&#8221;4.27.4&#8243; _module_preset=&#8221;default&#8221; global_colors_info=&#8221;{}&#8221;][et_pb_image src=&#8221;https:\/\/styleinc.eu\/wp-content\/uploads\/2025\/09\/Digital-Agency.jpg&#8221; alt=&#8221;Oversigt over branding-arbejdsomr\u00e5det&#8221; title_text=&#8221;Digital-Agency&#8221; _builder_version=&#8221;4.27.4&#8243; _module_preset=&#8221;default&#8221; hover_enabled=&#8221;0&#8243; border_radii=&#8221;on|20px|20px|20px|20px&#8221; global_colors_info=&#8221;{}&#8221; sticky_enabled=&#8221;0&#8243;][\/et_pb_image][\/et_pb_column][\/et_pb_row][et_pb_row column_structure=&#8221;3_5,2_5&#8243; use_custom_gutter=&#8221;on&#8221; gutter_width=&#8221;1&#8243; make_equal=&#8221;on&#8221; module_class=&#8221;content-with-image-row&#8221; _builder_version=&#8221;4.27.4&#8243; _module_preset=&#8221;default&#8221; width_tablet=&#8221;86%&#8221; width_phone=&#8221;86%&#8221; width_last_edited=&#8221;on|tablet&#8221; max_width_tablet=&#8221;86%&#8221; max_width_phone=&#8221;86%&#8221; max_width_last_edited=&#8221;on|tablet&#8221; custom_margin=&#8221;150px||||false|false&#8221; custom_margin_tablet=&#8221;80px||||false|false&#8221; custom_margin_phone=&#8221;60px||||false|false&#8221; custom_margin_last_edited=&#8221;on|tablet&#8221; custom_padding=&#8221;0px||0px||true|false&#8221; border_radii=&#8221;on|10px|10px|10px|10px&#8221; border_width_all=&#8221;1px&#8221; border_color_all=&#8221;rgba(0,0,0,0.15)&#8221; locked=&#8221;off&#8221; global_colors_info=&#8221;{}&#8221;][et_pb_column type=&#8221;3_5&#8243; module_class=&#8221;content-col&#8221; _builder_version=&#8221;4.27.4&#8243; _module_preset=&#8221;default&#8221; custom_padding=&#8221;192px|100px|192px|100px|true|true&#8221; custom_padding_tablet=&#8221;52px|60px|52px|60px|true|true&#8221; custom_padding_phone=&#8221;23px|30px|33px|30px|false|true&#8221; custom_padding_last_edited=&#8221;on|tablet&#8221; global_colors_info=&#8221;{}&#8221;][et_pb_text admin_label=&#8221;Unsere \u00dcberzeugung:&#8221; module_class=&#8221;h2&#8243; _builder_version=&#8221;4.27.4&#8243; _module_preset=&#8221;default&#8221; custom_margin=&#8221;||10px||false|false&#8221; custom_margin_tablet=&#8221;||3px||false|false&#8221; custom_margin_phone=&#8221;||3px||false|false&#8221; custom_margin_last_edited=&#8221;on|tablet&#8221; animation_style=&#8221;slide&#8221; animation_direction=&#8221;bottom&#8221; animation_intensity_slide=&#8221;5%&#8221; global_colors_info=&#8221;{}&#8221;]<\/p>\n<h2>Vores tilgang:<br \/>\n<\/h2>\n<p>[\/et_pb_text][et_pb_text admin_label=&#8221;Ein Logo allein reicht nicht. Es geht um ein Gef\u00fchl&#8230;&#8221; _builder_version=&#8221;4.27.4&#8243; _module_preset=&#8221;default&#8221; custom_margin=&#8221;||20px||false|false&#8221; custom_margin_tablet=&#8221;||21px||false|false&#8221; custom_margin_phone=&#8221;||21px||false|false&#8221; custom_margin_last_edited=&#8221;on|tablet&#8221; animation_style=&#8221;slide&#8221; animation_direction=&#8221;bottom&#8221; animation_intensity_slide=&#8221;5%&#8221; global_colors_info=&#8221;{}&#8221;]Godt design og klog teknologi skal g\u00e5 h\u00e5nd i h\u00e5nd. Et flot design er ikke nok \u2013 en st\u00e6rk brandoplevelse kr\u00e6ver \u00e6stetik, funktionalitet og juridisk sikkerhed. Det skaber tillid.[\/et_pb_text][\/et_pb_column][et_pb_column type=&#8221;2_5&#8243; module_class=&#8221;image-col&#8221; _builder_version=&#8221;4.27.4&#8243; _module_preset=&#8221;default&#8221; custom_padding=&#8221;20px|20px|20px||true|false&#8221; custom_padding_tablet=&#8221;0px|20px|20px|20px|false|true&#8221; custom_padding_phone=&#8221;0px|20px|20px|20px|false|true&#8221; custom_padding_last_edited=&#8221;on|tablet&#8221; global_colors_info=&#8221;{}&#8221;][et_pb_image title_text=&#8221;Our-Belief&#8221; _builder_version=&#8221;4.27.4&#8243; _module_preset=&#8221;default&#8221; background_image=&#8221;https:\/\/styleinc.eu\/wp-content\/uploads\/2025\/09\/Our-Belief.jpg&#8221; hover_enabled=&#8221;0&#8243; custom_css_main_element=&#8221;height: 100%;||border-radius: 10px;&#8221; global_colors_info=&#8221;{}&#8221; sticky_enabled=&#8221;0&#8243;][\/et_pb_image][\/et_pb_column][\/et_pb_row][\/et_pb_section][et_pb_section fb_built=&#8221;1&#8243; custom_padding_last_edited=&#8221;on|tablet&#8221; _builder_version=&#8221;4.27.4&#8243; _module_preset=&#8221;default&#8221; background_color=&#8221;gcid-heading-color&#8221; custom_margin=&#8221;|30px||30px|false|true&#8221; custom_margin_tablet=&#8221;|15px||15px|false|true&#8221; custom_margin_phone=&#8221;|15px||15px|false|true&#8221; custom_margin_last_edited=&#8221;on|tablet&#8221; custom_padding=&#8221;150px||150px||false|false&#8221; custom_padding_tablet=&#8221;72px||80px||false|false&#8221; custom_padding_phone=&#8221;52px||60px||false|false&#8221; custom_css_main_element=&#8221;overflow: visible;&#8221; border_radii=&#8221;on|20px|20px|20px|20px&#8221; global_colors_info=&#8221;{%22gcid-heading-color%22:%91%22background_color%22%93}&#8221;][et_pb_row column_structure=&#8221;1_2,1_2&#8243; use_custom_gutter=&#8221;on&#8221; gutter_width=&#8221;1&#8243; _builder_version=&#8221;4.27.4&#8243; _module_preset=&#8221;default&#8221; width_tablet=&#8221;86%&#8221; width_phone=&#8221;86%&#8221; width_last_edited=&#8221;on|tablet&#8221; max_width_tablet=&#8221;86%&#8221; max_width_phone=&#8221;86%&#8221; max_width_last_edited=&#8221;on|tablet&#8221; custom_padding=&#8221;0px||0px||true|false&#8221; global_colors_info=&#8221;{}&#8221;][et_pb_column type=&#8221;1_2&#8243; module_class=&#8221;process-left-col&#8221; _builder_version=&#8221;4.27.0&#8243; _module_preset=&#8221;default&#8221; custom_padding=&#8221;||||false|false&#8221; global_colors_info=&#8221;{}&#8221;][et_pb_text admin_label=&#8221;Was uns besonders macht:&#8221; module_class=&#8221;h2&#8243; _builder_version=&#8221;4.27.4&#8243; _module_preset=&#8221;default&#8221; header_2_text_color=&#8221;#FFFFFF&#8221; header_2_text_align_tablet=&#8221;center&#8221; header_2_text_align_phone=&#8221;center&#8221; header_2_text_align_last_edited=&#8221;on|tablet&#8221; global_colors_info=&#8221;{}&#8221;]<\/p>\n<h2>Det der g\u00f8r os anderledes:<br \/>\n<\/h2>\n<p>[\/et_pb_text][\/et_pb_column][et_pb_column type=&#8221;1_2&#8243; module_class=&#8221;process-right-col&#8221; _builder_version=&#8221;4.27.0&#8243; _module_preset=&#8221;default&#8221; custom_padding_tablet=&#8221;50px||||false|false&#8221; custom_padding_phone=&#8221;34px||||false|false&#8221; custom_padding_last_edited=&#8221;on|tablet&#8221; global_colors_info=&#8221;{}&#8221;][et_pb_text admin_label=&#8221;10+ Jahre Erfahrung mit Startups &#038; etablierten Marken&#8221; module_class=&#8221;process-text-block h6&#8243; _builder_version=&#8221;4.27.4&#8243; _module_preset=&#8221;default&#8221; text_text_color=&#8221;#FFFFFF&#8221; header_3_text_color=&#8221;#FFFFFF&#8221; header_4_text_color=&#8221;#FFFFFF&#8221; header_5_text_color=&#8221;#FFFFFF&#8221; background_color=&#8221;gcid-body-color&#8221; custom_margin=&#8221;||40px||false|false&#8221; custom_css_before=&#8221;content: &#8217;01&#8217;;&#8221; border_radii=&#8221;on|10px|10px|10px|10px&#8221; global_colors_info=&#8221;{%22gcid-body-color%22:%91%22background_color%22%93}&#8221;]<img decoding=\"async\" src=\"https:\/\/styleinc.eu\/wp-content\/uploads\/2024\/08\/652356da86080394d95e86be_Group-1000004515.svg\" alt=\"\" title=\"\" \/><\/p>\n<h3>10+ \u00e5rs erfaring med iv\u00e6rks\u00e6ttere og etablerede brands<\/h3>\n<p>[\/et_pb_text][et_pb_text admin_label=&#8221;Design trifft Technik \u2013 kreativ, sicher &#038; skalierbar&#8221; module_class=&#8221;process-text-block h6&#8243; _builder_version=&#8221;4.27.4&#8243; _module_preset=&#8221;default&#8221; text_text_color=&#8221;#FFFFFF&#8221; header_3_text_color=&#8221;#FFFFFF&#8221; header_4_text_color=&#8221;#FFFFFF&#8221; header_5_text_color=&#8221;#FFFFFF&#8221; background_color=&#8221;gcid-body-color&#8221; custom_margin=&#8221;||40px||false|false&#8221; custom_css_before=&#8221;content: &#8217;02&#8217;;&#8221; border_radii=&#8221;on|10px|10px|10px|10px&#8221; global_colors_info=&#8221;{%22gcid-body-color%22:%91%22background_color%22%93}&#8221;]<img decoding=\"async\" src=\"https:\/\/styleinc.eu\/wp-content\/uploads\/2024\/08\/652356db6a63b8b3abf3fb04_Group-1000004516.svg\" alt=\"\" title=\"\" \/><\/p>\n<h3>Design + teknik = smukke og effektive l\u00f8sninger<\/h3>\n<p>[\/et_pb_text][et_pb_text admin_label=&#8221;Fokus auf DSGVO, Accessibility &#038; Performance&#8221; module_class=&#8221;process-text-block h6&#8243; _builder_version=&#8221;4.27.4&#8243; _module_preset=&#8221;default&#8221; text_text_color=&#8221;#FFFFFF&#8221; header_3_text_color=&#8221;#FFFFFF&#8221; header_4_text_color=&#8221;#FFFFFF&#8221; header_5_text_color=&#8221;#FFFFFF&#8221; background_color=&#8221;gcid-body-color&#8221; custom_margin=&#8221;||40px||false|false&#8221; custom_css_before=&#8221;content: &#8217;03&#8217;;&#8221; border_radii=&#8221;on|10px|10px|10px|10px&#8221; global_colors_info=&#8221;{%22gcid-body-color%22:%91%22background_color%22%93}&#8221;]<img decoding=\"async\" src=\"https:\/\/styleinc.eu\/wp-content\/uploads\/2024\/08\/652356da1f5870e144197829_Group-1000004517.svg\" alt=\"\" title=\"\" \/><\/p>\n<h3>Fokus p\u00e5 GDPR, tilg\u00e6ngelighed og ydeevne<\/h3>\n<p>[\/et_pb_text][et_pb_text admin_label=&#8221;Digitale Prozesse &#038; Automatisierung&#8221; module_class=&#8221;process-text-block h6&#8243; _builder_version=&#8221;4.27.4&#8243; _module_preset=&#8221;default&#8221; text_text_color=&#8221;#FFFFFF&#8221; header_3_text_color=&#8221;#FFFFFF&#8221; header_4_text_color=&#8221;#FFFFFF&#8221; header_5_text_color=&#8221;#FFFFFF&#8221; background_color=&#8221;gcid-body-color&#8221; custom_margin=&#8221;||40px||false|false&#8221; custom_css_before=&#8221;content: &#8217;04&#8217;;&#8221; border_radii=&#8221;on|10px|10px|10px|10px&#8221; global_colors_info=&#8221;{%22gcid-body-color%22:%91%22background_color%22%93}&#8221;]<img decoding=\"async\" src=\"https:\/\/styleinc.eu\/wp-content\/uploads\/2024\/08\/652356da86080394d95e86be_Group-1000004515.svg\" alt=\"\" title=\"\" \/><\/p>\n<h3>Digitale workflows &#038; automatisering<\/h3>\n<p>[\/et_pb_text][et_pb_text admin_label=&#8221;Pers\u00f6nlich, partnerschaftlich &#038; transparent&#8221; module_class=&#8221;process-text-block h6&#8243; _builder_version=&#8221;4.27.4&#8243; _module_preset=&#8221;default&#8221; text_text_color=&#8221;#FFFFFF&#8221; header_3_text_color=&#8221;#FFFFFF&#8221; header_4_text_color=&#8221;#FFFFFF&#8221; header_5_text_color=&#8221;#FFFFFF&#8221; background_color=&#8221;gcid-body-color&#8221; custom_css_before=&#8221;content: &#8217;05&#8217;;&#8221; border_radii=&#8221;on|10px|10px|10px|10px&#8221; global_colors_info=&#8221;{%22gcid-body-color%22:%91%22background_color%22%93}&#8221;]<img decoding=\"async\" src=\"https:\/\/styleinc.eu\/wp-content\/uploads\/2024\/08\/652356db6a63b8b3abf3fb04_Group-1000004516.svg\" alt=\"\" title=\"\" \/><\/p>\n<h3>\u00c6rlig og t\u00e6t dialog med vores kunder<\/h3>\n<p>[\/et_pb_text][\/et_pb_column][\/et_pb_row][\/et_pb_section][et_pb_section fb_built=&#8221;1&#8243; custom_padding_last_edited=&#8221;on|tablet&#8221; _builder_version=&#8221;4.27.4&#8243; _module_preset=&#8221;default&#8221; custom_margin=&#8221;|30px||30px|false|true&#8221; custom_margin_tablet=&#8221;|15px||15px|false|true&#8221; custom_margin_phone=&#8221;|15px||15px|false|true&#8221; custom_margin_last_edited=&#8221;on|tablet&#8221; custom_padding=&#8221;150px||132px||false|false&#8221; custom_padding_tablet=&#8221;80px||62px||false|false&#8221; custom_padding_phone=&#8221;60px||42px||false|false&#8221; global_colors_info=&#8221;{}&#8221;][et_pb_row use_custom_gutter=&#8221;on&#8221; gutter_width=&#8221;1&#8243; _builder_version=&#8221;4.27.4&#8243; _module_preset=&#8221;default&#8221; custom_padding=&#8221;0px||0px||true|false&#8221; global_colors_info=&#8221;{}&#8221;][et_pb_column type=&#8221;4_4&#8243; _builder_version=&#8221;4.27.4&#8243; _module_preset=&#8221;default&#8221; custom_css_main_element=&#8221;text-align: center;&#8221; global_colors_info=&#8221;{}&#8221;][et_pb_image src=&#8221;https:\/\/styleinc.eu\/wp-content\/uploads\/2024\/08\/favicon.svg&#8221; alt=&#8221;StyleInc logo ordm\u00e6rke&#8221; title_text=&#8221;favicon&#8221; admin_label=&#8221;StyleInc Logo&#8221; _builder_version=&#8221;4.27.4&#8243; _module_preset=&#8221;default&#8221; max_width=&#8221;120px&#8221; max_width_tablet=&#8221;100px&#8221; max_width_phone=&#8221;80px&#8221; max_width_last_edited=&#8221;on|tablet&#8221; module_alignment=&#8221;center&#8221; custom_margin=&#8221;||28px||false|false&#8221; custom_margin_tablet=&#8221;||23px||false|false&#8221; custom_margin_phone=&#8221;||12px||false|false&#8221; custom_margin_last_edited=&#8221;on|tablet&#8221; animation_style=&#8221;slide&#8221; animation_direction=&#8221;bottom&#8221; animation_intensity_slide=&#8221;5%&#8221; global_colors_info=&#8221;{}&#8221;][\/et_pb_image][et_pb_text admin_label=&#8221;Unsere Mission&#8221; module_class=&#8221;h2&#8243; _builder_version=&#8221;4.27.4&#8243; _module_preset=&#8221;default&#8221; header_2_text_align=&#8221;center&#8221; max_width=&#8221;1000px&#8221; module_alignment=&#8221;center&#8221; custom_margin=&#8221;||8px||false|false&#8221; custom_margin_tablet=&#8221;||4px||false|false&#8221; custom_margin_phone=&#8221;||4px||false|false&#8221; custom_margin_last_edited=&#8221;on|tablet&#8221; animation_style=&#8221;slide&#8221; animation_direction=&#8221;bottom&#8221; animation_intensity_slide=&#8221;5%&#8221; global_colors_info=&#8221;{}&#8221;]<\/p>\n<h2>Vores mission:<\/h2>\n<p>[\/et_pb_text][et_pb_text admin_label=&#8221;Wir helfen Marken, sichtbar, glaubw\u00fcrdig und zukunftsf\u00e4hig zu sein \u2013 mit L\u00f6sungen, die bleiben.&#8221; module_class=&#8221;h5&#8243; _builder_version=&#8221;4.27.4&#8243; _module_preset=&#8221;default&#8221; header_2_text_align=&#8221;center&#8221; header_3_text_align=&#8221;center&#8221; max_width=&#8221;880px&#8221; module_alignment=&#8221;center&#8221; custom_margin=&#8221;||0px||false|false&#8221; custom_margin_tablet=&#8221;||0px||false|false&#8221; custom_margin_phone=&#8221;||0px||false|false&#8221; custom_margin_last_edited=&#8221;on|tablet&#8221; animation_style=&#8221;slide&#8221; animation_direction=&#8221;bottom&#8221; animation_intensity_slide=&#8221;5%&#8221; global_colors_info=&#8221;{}&#8221;]<\/p>\n<h3>At hj\u00e6lpe brands med at blive synlige, trov\u00e6rdige og fremtidssikrede \u2013 med l\u00f8sninger, der holder.<\/h3>\n<p>[\/et_pb_text][\/et_pb_column][\/et_pb_row][\/et_pb_section]<\/p>\n","protected":false},"excerpt":{"rendered":"<p>Vi er Styleinc.Dit digitale bureau med fokus p\u00e5 webdesign, branding, e-handel, automatisering og online markedsf\u00f8ring. I mere end 10 \u00e5r har vi omsat id\u00e9er til brands og bygget l\u00f8sninger, der skaber synlighed \u2013 og salg.Vores tilgang: Godt design og klog teknologi skal g\u00e5 h\u00e5nd i h\u00e5nd. Et flot design er ikke nok \u2013 en st\u00e6rk [&hellip;]<\/p>\n","protected":false},"author":1,"featured_media":0,"parent":0,"menu_order":0,"comment_status":"closed","ping_status":"closed","template":"","meta":{"_acf_changed":false,"_et_pb_use_builder":"on","_et_pb_old_content":"","_et_gb_content_width":"","inline_featured_image":false,"footnotes":""},"class_list":["post-7078","page","type-page","status-publish","hentry"],"acf":[],"_links":{"self":[{"href":"https:\/\/styleinc.eu\/da\/wp-json\/wp\/v2\/pages\/7078","targetHints":{"allow":["GET"]}}],"collection":[{"href":"https:\/\/styleinc.eu\/da\/wp-json\/wp\/v2\/pages"}],"about":[{"href":"https:\/\/styleinc.eu\/da\/wp-json\/wp\/v2\/types\/page"}],"author":[{"embeddable":true,"href":"https:\/\/styleinc.eu\/da\/wp-json\/wp\/v2\/users\/1"}],"replies":[{"embeddable":true,"href":"https:\/\/styleinc.eu\/da\/wp-json\/wp\/v2\/comments?post=7078"}],"version-history":[{"count":10,"href":"https:\/\/styleinc.eu\/da\/wp-json\/wp\/v2\/pages\/7078\/revisions"}],"predecessor-version":[{"id":7380,"href":"https:\/\/styleinc.eu\/da\/wp-json\/wp\/v2\/pages\/7078\/revisions\/7380"}],"wp:attachment":[{"href":"https:\/\/styleinc.eu\/da\/wp-json\/wp\/v2\/media?parent=7078"}],"curies":[{"name":"wp","href":"https:\/\/api.w.org\/{rel}","templated":true}]}}