{"id":3153,"date":"2024-07-16T13:24:53","date_gmt":"2024-07-16T11:24:53","guid":{"rendered":"https:\/\/wordpress-wartung.styleinc.eu\/paatryk\/"},"modified":"2025-09-17T12:35:14","modified_gmt":"2025-09-17T10:35:14","slug":"paatryk","status":"publish","type":"page","link":"https:\/\/styleinc.eu\/da\/paatryk\/","title":{"rendered":"P\u00e5tryk"},"content":{"rendered":"<p>[et_pb_section fb_built=&#8221;1&#8243; custom_padding_last_edited=&#8221;on|tablet&#8221; _builder_version=&#8221;4.27.4&#8243; _module_preset=&#8221;default&#8221; custom_padding=&#8221;226px||140px||false|false&#8221; custom_padding_tablet=&#8221;160px||72px||false|false&#8221; custom_padding_phone=&#8221;136px||52px||false|false&#8221; global_colors_info=&#8221;{}&#8221;][et_pb_row _builder_version=&#8221;4.26.1&#8243; _module_preset=&#8221;default&#8221; custom_padding=&#8221;0px||0px||true|false&#8221; global_colors_info=&#8221;{}&#8221;][et_pb_column type=&#8221;4_4&#8243; _builder_version=&#8221;4.26.1&#8243; _module_preset=&#8221;default&#8221; global_colors_info=&#8221;{}&#8221;][et_pb_text admin_label=&#8221;Page Title&#8221; _builder_version=&#8221;4.27.4&#8243; _dynamic_attributes=&#8221;content&#8221; _module_preset=&#8221;default&#8221; header_text_align=&#8221;center&#8221; custom_margin=&#8221;||47px||false|false&#8221; custom_margin_tablet=&#8221;||33px||false|false&#8221; custom_margin_phone=&#8221;||15px||false|false&#8221; custom_margin_last_edited=&#8221;on|tablet&#8221; hover_enabled=&#8221;0&#8243; global_colors_info=&#8221;{}&#8221; module_class=&#8221;h1&#8243; sticky_enabled=&#8221;0&#8243;]@ET-DC@eyJkeW5hbWljIjp0cnVlLCJjb250ZW50IjoicG9zdF90aXRsZSIsInNldHRpbmdzIjp7ImJlZm9yZSI6IjxoMT4iLCJhZnRlciI6IjwvaDE+IiwiZW5hYmxlX2h0bWwiOiJvZmYifX0=@[\/et_pb_text][\/et_pb_column][\/et_pb_row][et_pb_row column_structure=&#8221;1_2,1_2&#8243; use_custom_gutter=&#8221;on&#8221; gutter_width=&#8221;1&#8243; make_equal=&#8221;on&#8221; custom_padding_last_edited=&#8221;on|phone&#8221; _builder_version=&#8221;4.27.4&#8243; _module_preset=&#8221;default&#8221; custom_padding=&#8221;0px||42px||false|false&#8221; custom_padding_tablet=&#8221;0px||42px||false|false&#8221; custom_padding_phone=&#8221;||32px||false|false&#8221; border_width_bottom=&#8221;1px&#8221; border_color_bottom=&#8221;rgba(0,0,0,0.15)&#8221; global_colors_info=&#8221;{}&#8221;][et_pb_column type=&#8221;1_2&#8243; _builder_version=&#8221;4.26.1&#8243; _module_preset=&#8221;default&#8221; custom_padding=&#8221;|40px|||false|false&#8221; custom_padding_tablet=&#8221;|0px|34px||false|false&#8221; custom_padding_phone=&#8221;|0px|34px||false|false&#8221; custom_padding_last_edited=&#8221;on|tablet&#8221; global_colors_info=&#8221;{}&#8221;][et_pb_text admin_label=&#8221;Informationen nach \u00a7 5 Telemediengesetz (TMG)&#8221; _builder_version=&#8221;4.27.4&#8243; _module_preset=&#8221;default&#8221; header_5_font=&#8221;InstrumentSans Medium||||||||&#8221; header_6_font=&#8221;InstrumentSans Medium||||||||&#8221; hover_enabled=&#8221;0&#8243; global_colors_info=&#8221;{}&#8221; module_class=&#8221;h5&#8243; sticky_enabled=&#8221;0&#8243;]<\/p>\n<h2>Oplysninger i henhold til \u00a7 5 i telemedieloven (TMG)<\/h2>\n<p>[\/et_pb_text][et_pb_text admin_label=&#8221;Bj\u00f6rn B\u00fcrke StyleInc. Waldweg 12b 24976 Handewitt&#8221; _builder_version=&#8221;4.27.4&#8243; _module_preset=&#8221;default&#8221; custom_margin=&#8221;||||false|false&#8221; custom_margin_tablet=&#8221;||||false|false&#8221; custom_margin_phone=&#8221;||-8px||false|false&#8221; custom_margin_last_edited=&#8221;on|phone&#8221; global_colors_info=&#8221;{}&#8221;]<\/p>\n<p>Bj\u00f6rn B\u00fcrke<br \/>StyleInc.<br \/>Waldweg<br \/>12b<br \/>24976 Handewitt<\/p>\n<p>[\/et_pb_text][\/et_pb_column][et_pb_column type=&#8221;1_2&#8243; _builder_version=&#8221;4.26.1&#8243; _module_preset=&#8221;default&#8221; custom_padding=&#8221;|||40px|false|false&#8221; custom_padding_tablet=&#8221;|||0px|false|false&#8221; custom_padding_phone=&#8221;|||0px|false|false&#8221; custom_padding_last_edited=&#8221;on|tablet&#8221; global_colors_info=&#8221;{}&#8221;][et_pb_text admin_label=&#8221;Informationen zur Berufshaftpflichtversicherung&#8221; _builder_version=&#8221;4.27.4&#8243; _module_preset=&#8221;default&#8221; header_5_font=&#8221;InstrumentSans Medium||||||||&#8221; header_6_font=&#8221;InstrumentSans Medium||||||||&#8221; hover_enabled=&#8221;0&#8243; global_colors_info=&#8221;{}&#8221; module_class=&#8221;h5&#8243; sticky_enabled=&#8221;0&#8243;]<\/p>\n<h2>Information om erhvervsansvarsforsikring<\/h2>\n<p>[\/et_pb_text][et_pb_text admin_label=&#8221;Name und Sitz des Versicherers:&#8230;&#8221; _builder_version=&#8221;4.27.4&#8243; _module_preset=&#8221;default&#8221; custom_margin=&#8221;||||false|false&#8221; global_colors_info=&#8221;{}&#8221;]<\/p>\n<p><strong>Forsikringsselskabets navn og hjemsted:<\/strong><br \/>Carl Rieck GmbH &#8211; Carl-Zeiss-Stra\u00dfe 10\/4 &#8211; 63322 R\u00f6dermark<\/p>\n<p><strong>Forsikringens omfang:<\/strong><br \/>Tyskland<\/p>\n<p>[\/et_pb_text][\/et_pb_column][\/et_pb_row][et_pb_row column_structure=&#8221;1_2,1_2&#8243; use_custom_gutter=&#8221;on&#8221; gutter_width=&#8221;1&#8243; make_equal=&#8221;on&#8221; custom_padding_last_edited=&#8221;on|phone&#8221; _builder_version=&#8221;4.27.4&#8243; _module_preset=&#8221;default&#8221; custom_padding=&#8221;42px||42px||true|false&#8221; custom_padding_tablet=&#8221;42px||42px||true|false&#8221; custom_padding_phone=&#8221;32px||32px||true|false&#8221; border_width_bottom=&#8221;1px&#8221; border_color_bottom=&#8221;rgba(0,0,0,0.15)&#8221; global_colors_info=&#8221;{}&#8221;][et_pb_column type=&#8221;1_2&#8243; _builder_version=&#8221;4.26.1&#8243; _module_preset=&#8221;default&#8221; custom_padding=&#8221;|40px|||false|false&#8221; custom_padding_tablet=&#8221;|0px|34px||false|false&#8221; custom_padding_phone=&#8221;|0px|34px||false|false&#8221; custom_padding_last_edited=&#8221;on|tablet&#8221; global_colors_info=&#8221;{}&#8221;][et_pb_text admin_label=&#8221;Kontakt&#8221; _builder_version=&#8221;4.27.4&#8243; _module_preset=&#8221;default&#8221; header_5_font=&#8221;InstrumentSans Medium||||||||&#8221; header_6_font=&#8221;InstrumentSans Medium||||||||&#8221; hover_enabled=&#8221;0&#8243; global_colors_info=&#8221;{}&#8221; module_class=&#8221;h5&#8243; sticky_enabled=&#8221;0&#8243;]<\/p>\n<h2>Kontakt os<\/h2>\n<p>[\/et_pb_text][et_pb_text admin_label=&#8221;Phone Number &#038; Email Address&#8221; _builder_version=&#8221;4.27.4&#8243; _module_preset=&#8221;default&#8221; custom_margin=&#8221;||||false|false&#8221; custom_margin_tablet=&#8221;||||false|false&#8221; custom_margin_phone=&#8221;||-8px||false|false&#8221; custom_margin_last_edited=&#8221;on|phone&#8221; global_colors_info=&#8221;{}&#8221;]<\/p>\n<p><strong>Telefon:<\/strong> <a href=\"tel:+49%20156%2078%2044%2072%2057\">+49 156 78 44 72 57<\/a><br \/><strong>E-mail:<\/strong> <a href=\"mailto:info@styleinc.eu\">info@styleinc.eu<\/a><\/p>\n<p>[\/et_pb_text][\/et_pb_column][et_pb_column type=&#8221;1_2&#8243; _builder_version=&#8221;4.26.1&#8243; _module_preset=&#8221;default&#8221; custom_padding=&#8221;|||40px|false|false&#8221; custom_padding_tablet=&#8221;|||0px|false|false&#8221; custom_padding_phone=&#8221;|||0px|false|false&#8221; custom_padding_last_edited=&#8221;on|tablet&#8221; global_colors_info=&#8221;{}&#8221;][et_pb_text admin_label=&#8221;Verantwortliche Person f\u00fcr die Redaktion&#8221; _builder_version=&#8221;4.27.4&#8243; _module_preset=&#8221;default&#8221; header_5_font=&#8221;InstrumentSans Medium||||||||&#8221; header_6_font=&#8221;InstrumentSans Medium||||||||&#8221; hover_enabled=&#8221;0&#8243; global_colors_info=&#8221;{}&#8221; module_class=&#8221;h5&#8243; sticky_enabled=&#8221;0&#8243;]<\/p>\n<h2>Ansvarlig for redigering<\/h2>\n<p>[\/et_pb_text][et_pb_text admin_label=&#8221;BJ\u00f6rn B\u00fcrke Waldweg 12b 24976 Handewitt&#8221; _builder_version=&#8221;4.27.4&#8243; _module_preset=&#8221;default&#8221; custom_margin=&#8221;||||false|false&#8221; global_colors_info=&#8221;{}&#8221;]<\/p>\n<p>BJ\u00f6rn B\u00fcrke<br \/>Waldweg 12b<br \/>24976 Handewitt<\/p>\n<p>[\/et_pb_text][\/et_pb_column][\/et_pb_row][et_pb_row column_structure=&#8221;1_2,1_2&#8243; use_custom_gutter=&#8221;on&#8221; gutter_width=&#8221;1&#8243; make_equal=&#8221;on&#8221; custom_padding_last_edited=&#8221;on|phone&#8221; _builder_version=&#8221;4.27.4&#8243; _module_preset=&#8221;default&#8221; custom_padding=&#8221;42px||42px||true|false&#8221; custom_padding_tablet=&#8221;42px||42px||true|false&#8221; custom_padding_phone=&#8221;32px||32px||true|false&#8221; border_width_bottom=&#8221;1px&#8221; border_color_bottom=&#8221;rgba(0,0,0,0.15)&#8221; global_colors_info=&#8221;{}&#8221;][et_pb_column type=&#8221;1_2&#8243; _builder_version=&#8221;4.26.1&#8243; _module_preset=&#8221;default&#8221; custom_padding=&#8221;|40px|||false|false&#8221; custom_padding_tablet=&#8221;|0px|34px||false|false&#8221; custom_padding_phone=&#8221;|0px|34px||false|false&#8221; custom_padding_last_edited=&#8221;on|tablet&#8221; global_colors_info=&#8221;{}&#8221;][et_pb_text admin_label=&#8221;UMSATZSTEUERIDENTIFIKATIONSNUMMER&#8221; _builder_version=&#8221;4.27.4&#8243; _module_preset=&#8221;default&#8221; header_5_font=&#8221;InstrumentSans Medium||||||||&#8221; header_6_font=&#8221;InstrumentSans Medium||||||||&#8221; hover_enabled=&#8221;0&#8243; global_colors_info=&#8221;{}&#8221; module_class=&#8221;h5&#8243; sticky_enabled=&#8221;0&#8243;]<\/p>\n<h2>IDENTIFIKATIONSNUMMER FOR OMS\u00c6TNINGSSKAT<\/h2>\n<p>[\/et_pb_text][et_pb_text admin_label=&#8221;Umsatzsteuer-Identifikationsnummer gem\u00e4\u00df \u00a7 27 a Umsatzsteuergesetz: DE248653024&#8243; _builder_version=&#8221;4.27.4&#8243; _module_preset=&#8221;default&#8221; custom_margin=&#8221;||||false|false&#8221; custom_margin_tablet=&#8221;||||false|false&#8221; custom_margin_phone=&#8221;||-8px||false|false&#8221; custom_margin_last_edited=&#8221;on|phone&#8221; global_colors_info=&#8221;{}&#8221;]<\/p>\n<p>Merv\u00e6rdiafgifts-identifikationsnummer i henhold til \u00a7 27 a i merv\u00e6rdiafgiftsloven:<br \/><strong>DE248653024<\/strong><\/p>\n<p>[\/et_pb_text][\/et_pb_column][et_pb_column type=&#8221;1_2&#8243; _builder_version=&#8221;4.26.1&#8243; _module_preset=&#8221;default&#8221; custom_padding=&#8221;|||40px|false|false&#8221; custom_padding_tablet=&#8221;|||0px|false|false&#8221; custom_padding_phone=&#8221;|||0px|false|false&#8221; custom_padding_last_edited=&#8221;on|tablet&#8221; global_colors_info=&#8221;{}&#8221;][et_pb_text admin_label=&#8221;EU-Streitbeilegung&#8221; _builder_version=&#8221;4.27.4&#8243; _module_preset=&#8221;default&#8221; header_5_font=&#8221;InstrumentSans Medium||||||||&#8221; header_6_font=&#8221;InstrumentSans Medium||||||||&#8221; hover_enabled=&#8221;0&#8243; global_colors_info=&#8221;{}&#8221; module_class=&#8221;h5&#8243; sticky_enabled=&#8221;0&#8243;]<\/p>\n<h2>EU-tvistbil\u00e6ggelse<\/h2>\n<p>[\/et_pb_text][et_pb_text admin_label=&#8221;Die Europ\u00e4ische Kommission stellt eine Plattform f\u00fcr die&#8230;&#8221; _builder_version=&#8221;4.27.4&#8243; _module_preset=&#8221;default&#8221; custom_margin=&#8221;||||false|false&#8221; global_colors_info=&#8221;{}&#8221;]<\/p>\n<p>Europa-Kommissionen stiller en platform til r\u00e5dighed for onlinetvistbil\u00e6ggelse (ODR): <a href=\"https:\/\/ec.europa.eu\/consumers\/odr\/\" target=\"_blank\" rel=\"noopener noreferrer nofollow\">https:\/\/ec.europa.eu\/consumers\/odr\/.<\/a><br \/>Du kan finde vores e-mailadresse i den juridiske meddelelse \u00f8verst p\u00e5 hjemmesiden.<\/p>\n<p>[\/et_pb_text][\/et_pb_column][\/et_pb_row][et_pb_row use_custom_gutter=&#8221;on&#8221; gutter_width=&#8221;1&#8243; make_equal=&#8221;on&#8221; custom_padding_last_edited=&#8221;on|phone&#8221; _builder_version=&#8221;4.27.4&#8243; _module_preset=&#8221;default&#8221; custom_padding=&#8221;42px||0px||false|false&#8221; custom_padding_tablet=&#8221;42px||0px||false|false&#8221; custom_padding_phone=&#8221;32px||||false|false&#8221; global_colors_info=&#8221;{}&#8221;][et_pb_column type=&#8221;4_4&#8243; _builder_version=&#8221;4.26.1&#8243; _module_preset=&#8221;default&#8221; global_colors_info=&#8221;{}&#8221;][et_pb_text admin_label=&#8221;Streitbeilegungsverfahren vor einer Verbraucherschlichtungsstelle&#8221; _builder_version=&#8221;4.27.4&#8243; _module_preset=&#8221;default&#8221; header_5_font=&#8221;InstrumentSans Medium||||||||&#8221; header_6_font=&#8221;InstrumentSans Medium||||||||&#8221; hover_enabled=&#8221;0&#8243; global_colors_info=&#8221;{}&#8221; module_class=&#8221;h5&#8243; sticky_enabled=&#8221;0&#8243;]<\/p>\n<h2>Tvistbil\u00e6ggelsesprocedurer ved et forbrugervoldgiftsn\u00e6vn<\/h2>\n<p>[\/et_pb_text][et_pb_text admin_label=&#8221;Wir sind nicht bereit oder verpflichtet, an einem&#8230;&#8221; _builder_version=&#8221;4.27.4&#8243; _module_preset=&#8221;default&#8221; custom_margin=&#8221;||||false|false&#8221; global_colors_info=&#8221;{}&#8221;]<\/p>\n<p>Vi er ikke villige eller forpligtede til at deltage i tvistbil\u00e6ggelsesprocedurer ved et forbrugervoldgiftsn\u00e6vn.<\/p>\n<p>[\/et_pb_text][\/et_pb_column][\/et_pb_row][\/et_pb_section]<\/p>\n","protected":false},"excerpt":{"rendered":"<p>Oplysninger i henhold til \u00a7 5 i telemedieloven (TMG)Bj\u00f6rn B\u00fcrkeStyleInc.Waldweg12b24976 HandewittInformation om erhvervsansvarsforsikringForsikringsselskabets navn og hjemsted:Carl Rieck GmbH &#8211; Carl-Zeiss-Stra\u00dfe 10\/4 &#8211; 63322 R\u00f6dermark Forsikringens omfang:TysklandKontakt osTelefon: +49 156 78 44 72 57E-mail: info@styleinc.euAnsvarlig for redigeringBJ\u00f6rn B\u00fcrkeWaldweg 12b24976 HandewittIDENTIFIKATIONSNUMMER FOR OMS\u00c6TNINGSSKATMerv\u00e6rdiafgifts-identifikationsnummer i henhold til \u00a7 27 a i merv\u00e6rdiafgiftsloven:DE248653024EU-tvistbil\u00e6ggelseEuropa-Kommissionen stiller en platform til r\u00e5dighed for [&hellip;]<\/p>\n","protected":false},"author":1,"featured_media":0,"parent":0,"menu_order":0,"comment_status":"closed","ping_status":"closed","template":"","meta":{"_acf_changed":false,"_et_pb_use_builder":"on","_et_pb_old_content":"","_et_gb_content_width":"","inline_featured_image":false,"footnotes":""},"class_list":["post-3153","page","type-page","status-publish","hentry"],"acf":[],"_links":{"self":[{"href":"https:\/\/styleinc.eu\/da\/wp-json\/wp\/v2\/pages\/3153","targetHints":{"allow":["GET"]}}],"collection":[{"href":"https:\/\/styleinc.eu\/da\/wp-json\/wp\/v2\/pages"}],"about":[{"href":"https:\/\/styleinc.eu\/da\/wp-json\/wp\/v2\/types\/page"}],"author":[{"embeddable":true,"href":"https:\/\/styleinc.eu\/da\/wp-json\/wp\/v2\/users\/1"}],"replies":[{"embeddable":true,"href":"https:\/\/styleinc.eu\/da\/wp-json\/wp\/v2\/comments?post=3153"}],"version-history":[{"count":10,"href":"https:\/\/styleinc.eu\/da\/wp-json\/wp\/v2\/pages\/3153\/revisions"}],"predecessor-version":[{"id":6170,"href":"https:\/\/styleinc.eu\/da\/wp-json\/wp\/v2\/pages\/3153\/revisions\/6170"}],"wp:attachment":[{"href":"https:\/\/styleinc.eu\/da\/wp-json\/wp\/v2\/media?parent=3153"}],"curies":[{"name":"wp","href":"https:\/\/api.w.org\/{rel}","templated":true}]}}